{"id":1971,"date":"2023-11-26T20:31:55","date_gmt":"2023-11-26T20:31:55","guid":{"rendered":"http:\/\/nicewaistcoat.com\/wordpress\/?page_id=1971"},"modified":"2023-11-27T23:13:08","modified_gmt":"2023-11-27T23:13:08","slug":"chiane-the-springbok","status":"publish","type":"page","link":"http:\/\/nicewaistcoat.com\/wordpress\/c-poems\/chiane-the-springbok\/","title":{"rendered":"Chian\u00e9 the springbok"},"content":{"rendered":"<p> Chian\u00e9 the springbok<br \/>\nby cricketjeff on October 9, 2007.\u00a0 \u00a9 Jeff Green, All rights reserved<br \/>\nChian\u00e9 the springbok likes bouncing about<br \/>\nFirst she bounced in, and then she bounced out<br \/>\nChian\u00e9 the springbok likes going to play<br \/>\nFirst she runs here, then she runs right away<br \/>\nChian\u00e9 the springbok in the park for a run<br \/>\nShe runs all around and she runs just for fun<br \/>\nChian\u00e9&#8217;s been running and bouncing all day<br \/>\nShe\u2019s run to her parents and run out to play<br \/>\nChian\u00e9 the springbok is quite still at last<br \/>\nThe time for her bouncing has suddenly passed<br \/>\nChian\u00e9 the springbok is curled on the floor<br \/>\nShe\u2019s having a sleep so she can then bounce some more!<br \/>\n Author notes<br \/>\nChian\u00e9 the springbok, is a friend of Melvin&#8217;s. Well sort of&#8230;<br \/>\nAnd the daughter of a friend.<\/p>\n","protected":false},"excerpt":{"rendered":"<p>Chian\u00e9 the springbok by cricketjeff on October 9, 2007.\u00a0 \u00a9 Jeff Green, All rights reserved Chian\u00e9 the springbok likes bouncing about First she bounced in, and then she bounced out Chian\u00e9 the springbok likes going to play First she runs here, then she runs right away Chian\u00e9 the springbok in the park for a run [&hellip;]<\/p>\n","protected":false},"author":1,"featured_media":0,"parent":9696,"menu_order":0,"comment_status":"closed","ping_status":"closed","template":"","meta":{"footnotes":""},"class_list":["post-1971","page","type-page","status-publish","hentry"],"_links":{"self":[{"href":"http:\/\/nicewaistcoat.com\/wordpress\/wp-json\/wp\/v2\/pages\/1971","targetHints":{"allow":["GET"]}}],"collection":[{"href":"http:\/\/nicewaistcoat.com\/wordpress\/wp-json\/wp\/v2\/pages"}],"about":[{"href":"http:\/\/nicewaistcoat.com\/wordpress\/wp-json\/wp\/v2\/types\/page"}],"author":[{"embeddable":true,"href":"http:\/\/nicewaistcoat.com\/wordpress\/wp-json\/wp\/v2\/users\/1"}],"replies":[{"embeddable":true,"href":"http:\/\/nicewaistcoat.com\/wordpress\/wp-json\/wp\/v2\/comments?post=1971"}],"version-history":[{"count":1,"href":"http:\/\/nicewaistcoat.com\/wordpress\/wp-json\/wp\/v2\/pages\/1971\/revisions"}],"predecessor-version":[{"id":9537,"href":"http:\/\/nicewaistcoat.com\/wordpress\/wp-json\/wp\/v2\/pages\/1971\/revisions\/9537"}],"up":[{"embeddable":true,"href":"http:\/\/nicewaistcoat.com\/wordpress\/wp-json\/wp\/v2\/pages\/9696"}],"wp:attachment":[{"href":"http:\/\/nicewaistcoat.com\/wordpress\/wp-json\/wp\/v2\/media?parent=1971"}],"curies":[{"name":"wp","href":"https:\/\/api.w.org\/{rel}","templated":true}]}}